{"id":27,"date":"2023-06-29T12:39:29","date_gmt":"2023-06-29T12:39:29","guid":{"rendered":"https:\/\/prefera-foods.ro\/?page_id=27"},"modified":"2023-07-19T12:46:57","modified_gmt":"2023-07-19T12:46:57","slug":"elementor-27","status":"publish","type":"page","link":"https:\/\/prefera-foods.ro\/","title":{"rendered":"Prefera Foods"},"content":{"rendered":"\n<figure class=\"wp-block-table\" style=\"font-size:11px\"><table><tbody><tr><td><em>Denumire<\/em><\/td><td>PREFERA FOODS SA<\/td><\/tr><tr><td><em>Forma juridic\u0103<\/em><\/td><td><em>Societate pe ac\u021biuni, persoan\u0103 juridic\u0103 rom\u00e2n\u0103<\/em><\/td><\/tr><tr><td><em>Sediul social<\/em><\/td><td><em>Rom\u00e2nia, sat Oiejdea, comuna Galda de Jos, DN 1KM 392+600, Jude\u021b Alba<\/em><\/td><\/tr><tr><td><em>Num\u0103r de \u00eenregistrare la Oficiul Registrului Comer\u021bului<\/em><\/td><td><em>J1\/245\/2006<\/em><\/td><\/tr><tr><td><em>Cod unic de \u00eenregistrare<\/em><\/td><td><em>18484221<\/em><\/td><\/tr><tr><td><em>Obiectul principal de activitate<\/em><\/td><td><a><em>Cod CAEN 1039 &#8211; Prelucrarea \u015fi conservarea fructelor \u015fi legumelor n.c.a.<\/em><\/a><\/td><\/tr><tr><td><em>Capital social subscris \u0219i v\u0103rsat la data prezentului Proiect de Fuziune<\/em><\/td><td><em>14.624.000 RON, \u00eemp\u0103r\u021bit \u00een 1.462.400 ac\u021biuni nominative, cu o valoare nominal\u0103 de 10 lei fiecare<\/em><\/td><\/tr><\/tbody><\/table><\/figure>\n\n\n\n<p>Publicare notificare fuziune Prefera &#8211; Crisrock 19.07.2023<\/p>\n\n\n\n<p>La data de 19.07.2023 a fost publicat proiectul de fuziune al societ\u0103\u021bilor Prefera \u0219i Crisrock.<\/p>\n\n\n\n<p>Documentul poate fi consultat la urm\u0103torul link:<\/p>\n\n\n\n<p><a href=\"https:\/\/crisrock.ro\/wp-content\/uploads\/2023\/07\/Proiect-fuziune-Prefera-Crisrock.pdf\">Proiect fuziune Prefera-Crisrock<\/a><\/p>\n","protected":false},"excerpt":{"rendered":"<p>Denumire PREFERA FOODS SA Forma juridic\u0103 Societate pe ac\u021biuni, persoan\u0103 juridic\u0103 rom\u00e2n\u0103 Sediul social Rom\u00e2nia, sat Oiejdea, comuna Galda de Jos, DN 1KM 392+600, Jude\u021b Alba Num\u0103r de \u00eenregistrare la Oficiul Registrului Comer\u021bului J1\/245\/2006 Cod unic de \u00eenregistrare 18484221 Obiectul principal de activitate Cod CAEN 1039 &#8211; Prelucrarea \u015fi conservarea fructelor \u015fi legumelor n.c.a. Capital [&hellip;]<\/p>\n","protected":false},"author":1,"featured_media":0,"parent":0,"menu_order":0,"comment_status":"closed","ping_status":"closed","template":"","meta":{"footnotes":""},"class_list":["post-27","page","type-page","status-publish","hentry"],"_links":{"self":[{"href":"https:\/\/prefera-foods.ro\/index.php\/wp-json\/wp\/v2\/pages\/27","targetHints":{"allow":["GET"]}}],"collection":[{"href":"https:\/\/prefera-foods.ro\/index.php\/wp-json\/wp\/v2\/pages"}],"about":[{"href":"https:\/\/prefera-foods.ro\/index.php\/wp-json\/wp\/v2\/types\/page"}],"author":[{"embeddable":true,"href":"https:\/\/prefera-foods.ro\/index.php\/wp-json\/wp\/v2\/users\/1"}],"replies":[{"embeddable":true,"href":"https:\/\/prefera-foods.ro\/index.php\/wp-json\/wp\/v2\/comments?post=27"}],"version-history":[{"count":24,"href":"https:\/\/prefera-foods.ro\/index.php\/wp-json\/wp\/v2\/pages\/27\/revisions"}],"predecessor-version":[{"id":55,"href":"https:\/\/prefera-foods.ro\/index.php\/wp-json\/wp\/v2\/pages\/27\/revisions\/55"}],"wp:attachment":[{"href":"https:\/\/prefera-foods.ro\/index.php\/wp-json\/wp\/v2\/media?parent=27"}],"curies":[{"name":"wp","href":"https:\/\/api.w.org\/{rel}","templated":true}]}}